{"id":2735,"date":"2021-07-23T12:09:20","date_gmt":"2021-07-23T10:09:20","guid":{"rendered":"https:\/\/villanebina.si\/?page_id=2735"},"modified":"2021-08-03T10:53:30","modified_gmt":"2021-08-03T08:53:30","slug":"splosni-pogoji-poslovanja","status":"publish","type":"page","link":"https:\/\/villanebina.si\/sl\/splosni-pogoji-poslovanja\/","title":{"rendered":"Splo\u0161ni pogoji poslovanja"},"content":{"rendered":"\n<h2 class=\"wp-block-heading\"><strong>SPLO\u0160NA PRAVILA IN POGOJI, POPUSTI<\/strong><\/h2>\n\n\n\n<p><strong>PRIHOD <\/strong>&#8211; Va\u0161e stanovanje bo na dan prihoda ali po dogovoru vseljivo od 16. ure dalje. Sporo\u010dite nam pribli\u017eni \u010das prihoda.<\/p>\n\n\n\n<p><strong>ODHOD &#8211; <\/strong>Vljudno vas prosimo, da zapustite stanovanje do 10. ure na dan odhoda.<\/p>\n\n\n\n<p><strong>PARKING<\/strong> &#8211; Na voljo je eno parkirno mesto na stanovanje.<\/p>\n\n\n\n<p><strong>DOMA\u010cE \u017dIVALI <\/strong>&#8211; Hi\u0161ni ljubljen\u010dki so dobrodo\u0161li v apartmaju Nebina 1 in so brezpla\u010dni.<\/p>\n\n\n\n<p><strong>PLA\u010cILO <\/strong>&#8211; Ban\u010dno nakazilo, gotovinsko pla\u010dilo, pla\u010dilo s kreditnimi karticami (IBAN: SI56 6100 0002 5096 187, SWIFT BIC KODA: HDELSI22)<\/p>\n\n\n\n<p><strong>REZERVACIJA<\/strong> &#8211; Rezervacija je potrjena ob predlo\u017eitvi potrdila o pologu var\u0161\u010dine v vi\u0161ini 30% celotne vrednosti nastanitve. Var\u0161\u010dina ni vra\u010dljiva. Celoten znesek je treba pla\u010dati 5 dni pred prihodom.<\/p>\n\n\n\n<p><strong>POLITIKA ODPOVEDI <\/strong>&#8211; V primeru objektivnih razlogov &#8211; (bolezen, naravne nesre\u010de, smrt \u2026.) ponujamo mo\u017enost uporabe var\u0161\u010dine na druge razpolo\u017eljive datume (po dogovoru). \u010ce se na dan prihoda ne prijavite do 16. ure, namestitev ne bo na voljo do naslednjega dne po 16. uri. \u010ce na dan prihoda spremenite datum, se nastanitev zara\u010duna v skladu s prvotno rezervacijo.<\/p>\n\n\n\n<p><strong>NAJEMI V VISOKI SEZONI <\/strong>&#8211; V visoki sezoni je mo\u017eno najeti stanovanje za najmanj 5 dni. Izjema je individualni dogovor v primeru prostih stanovanj. Cene najema za manj kot tri no\u010ditve v visoki sezoni so 15% vi\u0161je.<\/p>\n\n\n\n<p><strong>POPUSTI <\/strong>&#8211; Cene najema za dalj\u0161e obdobje 10 dni, po dogovoru ponujamo 5% -15% popust. Za mo\u017enost najema celotne hi\u0161e za 10 dni vam po dogovoru ponujamo popust.<\/p>\n","protected":false},"excerpt":{"rendered":"<p>SPLO\u0160NA PRAVILA IN POGOJI, POPUSTI PRIHOD &#8211; Va\u0161e stanovanje bo na dan prihoda ali po dogovoru vseljivo od 16. ure dalje. Sporo\u010dite nam pribli\u017eni \u010das prihoda. ODHOD &#8211; Vljudno vas prosimo, da zapustite stanovanje do 10. ure na dan odhoda. [&hellip;]<\/p>\n","protected":false},"author":1,"featured_media":0,"parent":0,"menu_order":0,"comment_status":"closed","ping_status":"closed","template":"","meta":{"footnotes":""},"class_list":["post-2735","page","type-page","status-publish","hentry"],"_links":{"self":[{"href":"https:\/\/villanebina.si\/sl\/wp-json\/wp\/v2\/pages\/2735","targetHints":{"allow":["GET"]}}],"collection":[{"href":"https:\/\/villanebina.si\/sl\/wp-json\/wp\/v2\/pages"}],"about":[{"href":"https:\/\/villanebina.si\/sl\/wp-json\/wp\/v2\/types\/page"}],"author":[{"embeddable":true,"href":"https:\/\/villanebina.si\/sl\/wp-json\/wp\/v2\/users\/1"}],"replies":[{"embeddable":true,"href":"https:\/\/villanebina.si\/sl\/wp-json\/wp\/v2\/comments?post=2735"}],"version-history":[{"count":0,"href":"https:\/\/villanebina.si\/sl\/wp-json\/wp\/v2\/pages\/2735\/revisions"}],"wp:attachment":[{"href":"https:\/\/villanebina.si\/sl\/wp-json\/wp\/v2\/media?parent=2735"}],"curies":[{"name":"wp","href":"https:\/\/api.w.org\/{rel}","templated":true}]}}